{"id":386,"date":"2021-04-12T10:52:16","date_gmt":"2021-04-12T10:52:16","guid":{"rendered":"https:\/\/champini.eu\/champini\/"},"modified":"2022-03-03T13:07:12","modified_gmt":"2022-03-03T13:07:12","slug":"champini","status":"publish","type":"page","link":"http:\/\/champini.eu\/de\/","title":{"rendered":"CHAMPINI"},"content":{"rendered":"<p>[et_pb_section fb_built=&#8220;1&#8243; fullwidth=&#8220;on&#8220; _builder_version=&#8220;4.9.3&#8243; _module_preset=&#8220;default&#8220; background_image=&#8220;http:\/\/champini.eu\/wp-content\/uploads\/2021\/04\/AdobeStock_343977489-scaled.jpeg&#8220;][et_pb_fullwidth_header title=&#8220;Obst und Gem\u00fcse Gro\u00dfhandel&#8220; text_orientation=&#8220;center&#8220; header_fullscreen=&#8220;on&#8220; button_one_text=&#8220;UNSER ANGEBOT&#8220; button_one_url=&#8220;@ET-DC@eyJkeW5hbWljIjp0cnVlLCJjb250ZW50IjoicG9zdF9saW5rX3VybF9wYWdlIiwic2V0dGluZ3MiOnsicG9zdF9pZCI6IjEyNSJ9fQ==@&#8220; button_two_text=&#8220;KONTAKT&#8220; button_two_url=&#8220;@ET-DC@eyJkeW5hbWljIjp0cnVlLCJjb250ZW50IjoicG9zdF9saW5rX3VybF9wYWdlIiwic2V0dGluZ3MiOnsicG9zdF9pZCI6IjEyOSJ9fQ==@&#8220; logo_image_url=&#8220;http:\/\/champini.eu\/wp-content\/uploads\/2021\/04\/logo-jasne.png&#8220; _builder_version=&#8220;4.9.4&#8243; _dynamic_attributes=&#8220;button_one_url,button_two_url&#8220; _module_preset=&#8220;default&#8220; title_font=&#8220;|700|||||||&#8220; title_font_size=&#8220;50px&#8220; title_line_height=&#8220;2.2em&#8220; content_font_size=&#8220;18px&#8220; content_line_height=&#8220;1.8em&#8220; background_color=&#8220;rgba(0,0,0,0.65)&#8220; custom_button_one=&#8220;on&#8220; button_one_border_width=&#8220;3px&#8220; button_one_border_radius=&#8220;100px&#8220; button_one_font=&#8220;|700||on|||||&#8220; button_one_icon=&#8220;%%36%%&#8220; custom_button_two=&#8220;on&#8220; button_two_border_width=&#8220;3px&#8220; button_two_border_radius=&#8220;100px&#8220; button_two_font=&#8220;|700||on|||||&#8220; button_two_icon=&#8220;%%36%%&#8220; animation_style=&#8220;fade&#8220;]<\/p>\n<p>Obst, Gem\u00fcse und Pilze<br \/>seit fast 20 Jahren.<\/p>\n<p>[\/et_pb_fullwidth_header][\/et_pb_section][et_pb_section fb_built=&#8220;1&#8243; admin_label=&#8220;Hero&#8220; module_id=&#8220;uber-uns&#8220; _builder_version=&#8220;4.9.3&#8243; custom_padding=&#8220;0px|0px|0px|0px&#8220; animation_style=&#8220;zoom&#8220; animation_intensity_zoom=&#8220;4%&#8220;][et_pb_row column_structure=&#8220;1_2,1_2&#8243; use_custom_gutter=&#8220;on&#8220; gutter_width=&#8220;1&#8243; make_equal=&#8220;on&#8220; module_class=&#8220; et_pb_row_fullwidth&#8220; _builder_version=&#8220;4.9.6&#8243; background_color=&#8220;#FFFFFF&#8220; background_image=&#8220;http:\/\/champini.eu\/wp-content\/uploads\/2021\/04\/circle-background-pattern.png&#8220; width=&#8220;100%&#8220; width_tablet=&#8220;100%&#8220; width_phone=&#8220;&#8220; width_last_edited=&#8220;on|desktop&#8220; max_width=&#8220;100%&#8220; max_width_tablet=&#8220;100%&#8220; max_width_phone=&#8220;&#8220; max_width_last_edited=&#8220;on|desktop&#8220; custom_padding=&#8220;0px||0px|&#8220; animation_style=&#8220;slide&#8220; animation_direction=&#8220;top&#8220; animation_intensity_slide=&#8220;3%&#8220; make_fullwidth=&#8220;on&#8220;][et_pb_column type=&#8220;1_2&#8243; _builder_version=&#8220;3.25&#8243; custom_padding=&#8220;10%|8%|10%|8%&#8220; custom_padding__hover=&#8220;|||&#8220;][et_pb_text _builder_version=&#8220;4.9.3&#8243; text_font=&#8220;Montserrat|500||on|||||&#8220; text_text_color=&#8220;#353740&#8243; text_font_size=&#8220;16px&#8220; text_letter_spacing=&#8220;3px&#8220; custom_margin=&#8220;||45px|&#8220; animation_style=&#8220;slide&#8220; animation_direction=&#8220;bottom&#8220; locked=&#8220;off&#8220;]<\/p>\n<p>WER SIND WIR?<\/p>\n<p>[\/et_pb_text][et_pb_text _builder_version=&#8220;4.9.3&#8243; text_font=&#8220;||||||||&#8220; header_font=&#8220;|700||on|||||&#8220; header_text_color=&#8220;#f7f7f7&#8243; header_font_size=&#8220;60px&#8220; header_line_height=&#8220;1.3em&#8220; custom_margin=&#8220;||40px|&#8220; animation_style=&#8220;fade&#8220; header_font_size_last_edited=&#8220;off|desktop&#8220; locked=&#8220;off&#8220;]<\/p>\n<h1><span style=\"color: #353740;\">LERNE UNS KENNEN<\/span><\/h1>\n<p>[\/et_pb_text][et_pb_text _builder_version=&#8220;3.27.4&#8243; text_font=&#8220;Montserrat||||&#8220; text_text_color=&#8220;#353740&#8243; text_font_size=&#8220;20px&#8220; text_line_height=&#8220;1.8em&#8220; header_font=&#8220;||||||||&#8220; custom_margin=&#8220;||50px|&#8220; animation_style=&#8220;slide&#8220; animation_direction=&#8220;top&#8220; animation_intensity_slide=&#8220;17%&#8220; locked=&#8220;off&#8220;]<\/p>\n<p>Die Firma \u201eChampini sp. z o.o.\u201c, damals noch \u201eFHU Champini s.c.\u201c entstand im Jahr 2004 durch Ihre beiden Gr\u00fcnder Wies\u0142aw Pieniek und Pawe\u0142 Dobrza\u0144ski, welche noch bis heute alleinige Gesch\u00e4ftsf\u00fchrer und Gesellschafter sind. Unsere Hauptgesch\u00e4ftsfelder sind der Import, Export und Vertrieb von frischem Obst und Gem\u00fcse, sowie Pilzen.<\/p>\n<p>[\/et_pb_text][\/et_pb_column][et_pb_column type=&#8220;1_2&#8243; _builder_version=&#8220;4.9.3&#8243; background_image=&#8220;http:\/\/champini.eu\/wp-content\/uploads\/2021\/04\/warzywa-hurtownia.jpg&#8220; parallax=&#8220;on&#8220; custom_padding=&#8220;|||&#8220; custom_padding__hover=&#8220;|||&#8220;][\/et_pb_column][\/et_pb_row][\/et_pb_section][et_pb_section fb_built=&#8220;1&#8243; admin_label=&#8220;Hero&#8220; module_id=&#8220;uber-uns&#8220; _builder_version=&#8220;4.9.6&#8243; custom_padding=&#8220;0px|0px|0px|0px&#8220; animation_style=&#8220;zoom&#8220; animation_intensity_zoom=&#8220;4%&#8220;][et_pb_row column_structure=&#8220;1_2,1_2&#8243; use_custom_gutter=&#8220;on&#8220; gutter_width=&#8220;1&#8243; make_equal=&#8220;on&#8220; module_class=&#8220; et_pb_row_fullwidth&#8220; _builder_version=&#8220;4.9.6&#8243; background_color=&#8220;#FFFFFF&#8220; background_image=&#8220;http:\/\/champini.eu\/wp-content\/uploads\/2021\/04\/circle-background-pattern.png&#8220; width=&#8220;100%&#8220; width_tablet=&#8220;100%&#8220; width_phone=&#8220;&#8220; width_last_edited=&#8220;on|desktop&#8220; max_width=&#8220;100%&#8220; max_width_tablet=&#8220;100%&#8220; max_width_phone=&#8220;&#8220; max_width_last_edited=&#8220;on|desktop&#8220; custom_padding=&#8220;0px||0px|&#8220; animation_style=&#8220;slide&#8220; animation_direction=&#8220;top&#8220; animation_intensity_slide=&#8220;3%&#8220; make_fullwidth=&#8220;on&#8220;][et_pb_column type=&#8220;1_2&#8243; _builder_version=&#8220;4.9.6&#8243; background_image=&#8220;http:\/\/champini.eu\/wp-content\/uploads\/2021\/06\/Fotolia_49377374_L-kopia.jpg&#8220; parallax=&#8220;on&#8220; custom_padding=&#8220;|||&#8220; custom_padding__hover=&#8220;|||&#8220;][\/et_pb_column][et_pb_column type=&#8220;1_2&#8243; _builder_version=&#8220;3.25&#8243; custom_padding=&#8220;10%|8%|10%|8%&#8220; custom_padding__hover=&#8220;|||&#8220;][et_pb_text _builder_version=&#8220;4.9.3&#8243; text_font=&#8220;||||||||&#8220; header_font=&#8220;|700||on|||||&#8220; header_text_color=&#8220;#f7f7f7&#8243; header_font_size=&#8220;60px&#8220; header_line_height=&#8220;1.3em&#8220; custom_margin=&#8220;||40px|&#8220; animation_style=&#8220;fade&#8220; header_font_size_last_edited=&#8220;off|desktop&#8220; locked=&#8220;off&#8220;]<\/p>\n<h1><span style=\"color: #353740;\">DIE ANF\u00c4NGE<\/span><\/h1>\n<p>[\/et_pb_text][et_pb_text _builder_version=&#8220;4.9.3&#8243; text_font=&#8220;Montserrat||||&#8220; text_text_color=&#8220;#353740&#8243; text_font_size=&#8220;20px&#8220; text_line_height=&#8220;1.8em&#8220; header_font=&#8220;||||||||&#8220; custom_margin=&#8220;||50px|&#8220; animation_style=&#8220;slide&#8220; animation_direction=&#8220;top&#8220; animation_intensity_slide=&#8220;17%&#8220; locked=&#8220;off&#8220;]<\/p>\n<p>Was als kleines Unternehmen mit geringem w\u00f6chentlichem Export von Champignons nach Deutschland begann, hat sich \u00fcber die Jahre zu einem der gr\u00f6\u00dften Wettbewerber Polens entwickelt, mit einer so umfassenden Auswahl an frischem Obst, Gem\u00fcse und Pilzen, welche seinesgleichen sucht.<\/p>\n<p>[\/et_pb_text][\/et_pb_column][\/et_pb_row][\/et_pb_section][et_pb_section fb_built=&#8220;1&#8243; admin_label=&#8220;Hero&#8220; module_id=&#8220;uber-uns&#8220; _builder_version=&#8220;4.9.3&#8243; custom_padding=&#8220;0px|0px|0px|0px&#8220; animation_style=&#8220;zoom&#8220; animation_intensity_zoom=&#8220;4%&#8220;][et_pb_row column_structure=&#8220;1_2,1_2&#8243; use_custom_gutter=&#8220;on&#8220; gutter_width=&#8220;1&#8243; make_equal=&#8220;on&#8220; module_class=&#8220; et_pb_row_fullwidth&#8220; _builder_version=&#8220;4.9.6&#8243; background_color=&#8220;#FFFFFF&#8220; background_image=&#8220;http:\/\/champini.eu\/wp-content\/uploads\/2021\/04\/circle-background-pattern.png&#8220; width=&#8220;100%&#8220; width_tablet=&#8220;100%&#8220; width_phone=&#8220;&#8220; width_last_edited=&#8220;on|desktop&#8220; max_width=&#8220;100%&#8220; max_width_tablet=&#8220;100%&#8220; max_width_phone=&#8220;&#8220; max_width_last_edited=&#8220;on|desktop&#8220; custom_padding=&#8220;0px||0px|&#8220; animation_style=&#8220;slide&#8220; animation_direction=&#8220;top&#8220; animation_intensity_slide=&#8220;3%&#8220; make_fullwidth=&#8220;on&#8220;][et_pb_column type=&#8220;1_2&#8243; _builder_version=&#8220;3.25&#8243; custom_padding=&#8220;10%|8%|10%|8%&#8220; custom_padding__hover=&#8220;|||&#8220;][et_pb_text _builder_version=&#8220;4.9.3&#8243; text_font=&#8220;||||||||&#8220; header_font=&#8220;|700||on|||||&#8220; header_text_color=&#8220;#f7f7f7&#8243; header_font_size=&#8220;60px&#8220; header_line_height=&#8220;1.3em&#8220; custom_margin=&#8220;||40px|&#8220; animation_style=&#8220;fade&#8220; header_font_size_last_edited=&#8220;off|desktop&#8220; locked=&#8220;off&#8220;]<\/p>\n<h1><span style=\"color: #353740;\">HERKUNFT<\/span><\/h1>\n<p>[\/et_pb_text][et_pb_text _builder_version=&#8220;4.9.6&#8243; text_font=&#8220;Montserrat||||&#8220; text_text_color=&#8220;#353740&#8243; text_font_size=&#8220;20px&#8220; text_line_height=&#8220;1.8em&#8220; header_font=&#8220;||||||||&#8220; custom_margin=&#8220;||50px|&#8220; animation_style=&#8220;slide&#8220; animation_direction=&#8220;top&#8220; animation_intensity_slide=&#8220;17%&#8220; hover_enabled=&#8220;0&#8243; locked=&#8220;off&#8220; sticky_enabled=&#8220;0&#8243;]<\/p>\n<p>&#8222;Da bei uns Frische und Qualit\u00e4t an erster Stelle stehen und wir kurze Transportwege bevorzugen, beziehen wir unsere Waren gr\u00f6\u00dftenteils bei lokalen und zertifizierten Bauern, Produzenten, sowie Produzentengruppen, mit welchen wir seit vielen Jahren erfolgreich zusammenarbeiten. Erstklassige Klima- und Bodenverh\u00e4ltnisse in den Woiwodschaften Gro\u00dfpolen und \u0141\u00f3d\u017a erm\u00f6glichen es uns Ihnen schmackhafte Waren h\u00f6chster Klasse zu beschaffen. Dar\u00fcber hinaus importieren wir saisonal auch Produkte aus dem ost- und s\u00fcd-osteurop\u00e4ischen Raum, um Ihnen ganzj\u00e4hrig Ihren saisonalen W\u00fcnschen nachkommen zu k\u00f6nnen. Ihren W\u00fcnschen sind ebenfalls keine Grenzen gesetzt: Frei nach dem Motto \u201egeht nicht, gibt\u2019s nicht\u201c verpacken wir unsere Waren immer so, wie Sie es ben\u00f6tigen.&#8220;<\/p>\n<p>[\/et_pb_text][\/et_pb_column][et_pb_column type=&#8220;1_2&#8243; _builder_version=&#8220;4.9.6&#8243; background_image=&#8220;http:\/\/champini.eu\/wp-content\/uploads\/2021\/06\/AdobeStock_183391842-kopia.jpg&#8220; parallax=&#8220;on&#8220; custom_padding=&#8220;|||&#8220; custom_padding__hover=&#8220;|||&#8220;][\/et_pb_column][\/et_pb_row][\/et_pb_section][et_pb_section fb_built=&#8220;1&#8243; admin_label=&#8220;Hero&#8220; module_id=&#8220;uber-uns&#8220; _builder_version=&#8220;4.9.3&#8243; custom_padding=&#8220;0px|0px|0px|0px&#8220; animation_style=&#8220;zoom&#8220; animation_intensity_zoom=&#8220;4%&#8220;][et_pb_row column_structure=&#8220;1_2,1_2&#8243; use_custom_gutter=&#8220;on&#8220; gutter_width=&#8220;1&#8243; make_equal=&#8220;on&#8220; module_class=&#8220; et_pb_row_fullwidth&#8220; _builder_version=&#8220;4.9.6&#8243; background_color=&#8220;#FFFFFF&#8220; background_image=&#8220;http:\/\/champini.eu\/wp-content\/uploads\/2021\/04\/circle-background-pattern.png&#8220; width=&#8220;100%&#8220; width_tablet=&#8220;100%&#8220; width_phone=&#8220;&#8220; width_last_edited=&#8220;on|desktop&#8220; max_width=&#8220;100%&#8220; max_width_tablet=&#8220;100%&#8220; max_width_phone=&#8220;&#8220; max_width_last_edited=&#8220;on|desktop&#8220; custom_padding=&#8220;0px||0px|&#8220; animation_style=&#8220;slide&#8220; animation_direction=&#8220;top&#8220; animation_intensity_slide=&#8220;3%&#8220; make_fullwidth=&#8220;on&#8220;][et_pb_column type=&#8220;1_2&#8243; _builder_version=&#8220;4.9.6&#8243; background_image=&#8220;http:\/\/champini.eu\/wp-content\/uploads\/2021\/06\/AdobeStock_120890045-kopia.jpg&#8220; parallax=&#8220;on&#8220; custom_padding=&#8220;|||&#8220; custom_padding__hover=&#8220;|||&#8220;][\/et_pb_column][et_pb_column type=&#8220;1_2&#8243; _builder_version=&#8220;3.25&#8243; custom_padding=&#8220;10%|8%|10%|8%&#8220; custom_padding__hover=&#8220;|||&#8220;][et_pb_text _builder_version=&#8220;4.9.3&#8243; text_font=&#8220;Montserrat|500||on|||||&#8220; text_text_color=&#8220;#353740&#8243; text_font_size=&#8220;16px&#8220; text_letter_spacing=&#8220;3px&#8220; custom_margin=&#8220;||45px|&#8220; animation_style=&#8220;slide&#8220; animation_direction=&#8220;bottom&#8220; locked=&#8220;off&#8220;]<\/p>\n<p>WER SIND WIR?<\/p>\n<p>[\/et_pb_text][et_pb_text _builder_version=&#8220;4.9.3&#8243; text_font=&#8220;||||||||&#8220; header_font=&#8220;|700||on|||||&#8220; header_text_color=&#8220;#f7f7f7&#8243; header_font_size=&#8220;60px&#8220; header_line_height=&#8220;1.3em&#8220; custom_margin=&#8220;||40px|&#8220; animation_style=&#8220;fade&#8220; header_font_size_last_edited=&#8220;off|desktop&#8220; locked=&#8220;off&#8220;]<\/p>\n<h1><span style=\"color: #353740;\">FRISCHE VERSPRECHEN<\/span><\/h1>\n<p>[\/et_pb_text][et_pb_text _builder_version=&#8220;4.9.3&#8243; text_font=&#8220;Montserrat||||&#8220; text_text_color=&#8220;#353740&#8243; text_font_size=&#8220;20px&#8220; text_line_height=&#8220;1.8em&#8220; header_font=&#8220;||||||||&#8220; custom_margin=&#8220;||50px|&#8220; animation_style=&#8220;slide&#8220; animation_direction=&#8220;top&#8220; animation_intensity_slide=&#8220;17%&#8220; locked=&#8220;off&#8220;]<\/p>\n<p>&#8222;Da Frische f\u00fcr eine erfolgreiche Zusammenarbeit in unserem Gesch\u00e4ftsfeld ausschlaggebend ist, arbeiten wir nach dem Just-In-Time Prinzip, wodurch wir keine Lagerbest\u00e4nde haben und immer frische Ware einkaufen. Zwischen Bestellung, Anlieferung, Kommissionierung, Verladung und letztendlich dem Eintreffen der Ware in Ihrem Lager vergehen meist keine 24 Stunden. <span>Da uns unser Service sehr am Herzen liegt, achten wir nat\u00fcrlich auf Professionalit\u00e4t gegen\u00fcber unseren Kunden, weshalb wir \u00fcber einen eigenen Fuhrpark von mehreren K\u00fchlfahrzeugen verf\u00fcgen, welche uns garantieren, dass keine K\u00fchlkette unterbrochen wird. Sollten Ihre Bestellungen die Kapazit\u00e4ten unseres Fuhrparks \u00fcbersteigen, so beliefern wir Sie mit renommierten Speditionen, mit welchen wir seit vielen Jahren erfolgreich zusammenarbeiten.&#8220;<\/span><\/p>\n<p>[\/et_pb_text][\/et_pb_column][\/et_pb_row][\/et_pb_section][et_pb_section fb_built=&#8220;1&#8243; _builder_version=&#8220;4.9.3&#8243; _module_preset=&#8220;default&#8220; background_color=&#8220;#f8f8f8&#8243;][et_pb_row column_structure=&#8220;1_4,1_4,1_4,1_4&#8243; admin_label=&#8220;Fun Fact&#8220; _builder_version=&#8220;3.25&#8243; custom_margin=&#8220;|||&#8220; custom_padding=&#8220;67px||40px|||&#8220; animation_style=&#8220;zoom&#8220; animation_direction=&#8220;top&#8220; animation_intensity_zoom=&#8220;10%&#8220;][et_pb_column type=&#8220;1_4&#8243; _builder_version=&#8220;3.25&#8243; custom_padding=&#8220;|||&#8220; custom_padding__hover=&#8220;|||&#8220;][et_pb_number_counter title=&#8220;TONNEN FRISCHWAREN MONATLICH&#8220; number=&#8220;500&#8243; percent_sign=&#8220;off&#8220; _builder_version=&#8220;4.9.3&#8243; title_font=&#8220;|||on|||||&#8220; title_text_color=&#8220;#353740&#8243; number_font=&#8220;|700|||||||&#8220; number_text_color=&#8220;#353740&#8243; number_font_size=&#8220;60px&#8220; number_line_height=&#8220;90px&#8220; animation_style=&#8220;zoom&#8220;][\/et_pb_number_counter][\/et_pb_column][et_pb_column type=&#8220;1_4&#8243; _builder_version=&#8220;3.25&#8243; custom_padding=&#8220;|||&#8220; custom_padding__hover=&#8220;|||&#8220;][et_pb_number_counter title=&#8220;LAGER&#8220; number=&#8220;2&#8243; percent_sign=&#8220;off&#8220; _builder_version=&#8220;4.9.3&#8243; title_font=&#8220;|||on|||||&#8220; title_text_color=&#8220;#353740&#8243; number_font=&#8220;|700|||||||&#8220; number_text_color=&#8220;#353740&#8243; number_font_size=&#8220;60px&#8220; number_line_height=&#8220;90px&#8220; animation_style=&#8220;zoom&#8220;][\/et_pb_number_counter][\/et_pb_column][et_pb_column type=&#8220;1_4&#8243; _builder_version=&#8220;3.25&#8243; custom_padding=&#8220;|||&#8220; custom_padding__hover=&#8220;|||&#8220;][et_pb_number_counter title=&#8220;LIEFERANTEN&#8220; number=&#8220;100+&#8220; percent_sign=&#8220;off&#8220; _builder_version=&#8220;4.9.3&#8243; title_font=&#8220;|||on|||||&#8220; title_text_color=&#8220;#353740&#8243; number_font=&#8220;|700|||||||&#8220; number_text_color=&#8220;#353740&#8243; number_font_size=&#8220;60px&#8220; number_line_height=&#8220;90px&#8220; animation_style=&#8220;zoom&#8220;][\/et_pb_number_counter][\/et_pb_column][et_pb_column type=&#8220;1_4&#8243; _builder_version=&#8220;3.25&#8243; custom_padding=&#8220;|||&#8220; custom_padding__hover=&#8220;|||&#8220;][et_pb_number_counter title=&#8220;PRODUKTE&#8220; number=&#8220;50+&#8220; percent_sign=&#8220;off&#8220; _builder_version=&#8220;4.9.3&#8243; title_font=&#8220;|||on|||||&#8220; title_text_color=&#8220;#353740&#8243; number_font=&#8220;|700|||||||&#8220; number_text_color=&#8220;#353740&#8243; number_font_size=&#8220;60px&#8220; number_line_height=&#8220;90px&#8220; animation_style=&#8220;zoom&#8220;][\/et_pb_number_counter][\/et_pb_column][\/et_pb_row][\/et_pb_section][et_pb_section fb_built=&#8220;1&#8243; fullwidth=&#8220;on&#8220; _builder_version=&#8220;4.9.3&#8243; _module_preset=&#8220;default&#8220; background_image=&#8220;http:\/\/champini.eu\/wp-content\/uploads\/2021\/04\/oferta-hurtowni-warzyw-owocow.jpg&#8220; parallax=&#8220;on&#8220;][et_pb_fullwidth_header title=&#8220;Kontakiere uns &#8220; text_orientation=&#8220;center&#8220; button_one_text=&#8220;KONTAKT&#8220; button_one_url=&#8220;@ET-DC@eyJkeW5hbWljIjp0cnVlLCJjb250ZW50IjoicG9zdF9saW5rX3VybF9wYWdlIiwic2V0dGluZ3MiOnsicG9zdF9pZCI6IjEyOSJ9fQ==@&#8220; _builder_version=&#8220;4.9.4&#8243; _dynamic_attributes=&#8220;button_one_url&#8220; _module_preset=&#8220;default&#8220; title_font=&#8220;|700|||||||&#8220; title_font_size=&#8220;50px&#8220; title_line_height=&#8220;2.2em&#8220; content_font_size=&#8220;18px&#8220; content_line_height=&#8220;1.8em&#8220; subhead_font=&#8220;|700|||||||&#8220; subhead_font_size=&#8220;30px&#8220; background_color=&#8220;rgba(0,0,0,0.65)&#8220; custom_button_one=&#8220;on&#8220; button_one_border_width=&#8220;3px&#8220; button_one_border_radius=&#8220;100px&#8220; button_one_font=&#8220;|700||on|||||&#8220; button_one_icon=&#8220;%%36%%&#8220; custom_button_two=&#8220;on&#8220; button_two_border_width=&#8220;3px&#8220; button_two_border_radius=&#8220;100px&#8220; button_two_font=&#8220;|700||on|||||&#8220; button_two_icon=&#8220;%%36%%&#8220; custom_padding=&#8220;127px||106px|||&#8220; animation_style=&#8220;fade&#8220;][\/et_pb_fullwidth_header][\/et_pb_section][et_pb_section fb_built=&#8220;1&#8243; _builder_version=&#8220;4.9.3&#8243; _module_preset=&#8220;default&#8220;][et_pb_row column_structure=&#8220;1_4,1_4,1_4,1_4&#8243; _builder_version=&#8220;4.9.3&#8243; _module_preset=&#8220;default&#8220;][et_pb_column type=&#8220;1_4&#8243; _builder_version=&#8220;4.9.3&#8243; _module_preset=&#8220;default&#8220;][et_pb_image src=&#8220;http:\/\/champini.eu\/wp-content\/uploads\/2021\/04\/tuv.png&#8220; title_text=&#8220;tuv&#8220; _builder_version=&#8220;4.9.3&#8243; _module_preset=&#8220;default&#8220; animation_style=&#8220;slide&#8220; animation_direction=&#8220;top&#8220;][\/et_pb_image][\/et_pb_column][et_pb_column type=&#8220;1_4&#8243; _builder_version=&#8220;4.9.3&#8243; _module_preset=&#8220;default&#8220;][et_pb_image src=&#8220;http:\/\/champini.eu\/wp-content\/uploads\/2021\/04\/ifs.png&#8220; title_text=&#8220;ifs&#8220; _builder_version=&#8220;4.9.3&#8243; _module_preset=&#8220;default&#8220; animation_style=&#8220;slide&#8220; animation_direction=&#8220;top&#8220;][\/et_pb_image][\/et_pb_column][et_pb_column type=&#8220;1_4&#8243; _builder_version=&#8220;4.9.3&#8243; _module_preset=&#8220;default&#8220;][et_pb_image src=&#8220;http:\/\/champini.eu\/wp-content\/uploads\/2021\/04\/GlobalGAP-30b56e12.png&#8220; title_text=&#8220;GlobalGAP-30b56e12&#8243; _builder_version=&#8220;4.9.3&#8243; _module_preset=&#8220;default&#8220; animation_style=&#8220;slide&#8220; animation_direction=&#8220;top&#8220;][\/et_pb_image][\/et_pb_column][et_pb_column type=&#8220;1_4&#8243; _builder_version=&#8220;4.9.3&#8243; _module_preset=&#8220;default&#8220;][et_pb_text _builder_version=&#8220;4.9.3&#8243; text_font=&#8220;Montserrat||||&#8220; text_text_color=&#8220;#353740&#8243; text_font_size=&#8220;20px&#8220; text_line_height=&#8220;1.8em&#8220; header_font=&#8220;||||||||&#8220; custom_margin=&#8220;||50px|&#8220; animation_style=&#8220;slide&#8220; animation_direction=&#8220;top&#8220; animation_intensity_slide=&#8220;17%&#8220; locked=&#8220;off&#8220;]<\/p>\n<p>Unsere Lieferanten sind durch GLOBAL G.A.P. zertifiziert<\/p>\n<p>[\/et_pb_text][\/et_pb_column][\/et_pb_row][\/et_pb_section]<\/p>\n","protected":false},"excerpt":{"rendered":"<p>Obst, Gem\u00fcse und Pilzeseit fast 20 Jahren.WER SIND WIR?LERNE UNS KENNENDie Firma \u201eChampini sp. z o.o.\u201c, damals noch \u201eFHU Champini s.c.\u201c entstand im Jahr 2004 durch Ihre beiden Gr\u00fcnder Wies\u0142aw Pieniek und Pawe\u0142 Dobrza\u0144ski, welche noch bis heute alleinige Gesch\u00e4ftsf\u00fchrer und Gesellschafter sind. Unsere Hauptgesch\u00e4ftsfelder sind der Import, Export und Vertrieb von frischem Obst und [&hellip;]<\/p>\n","protected":false},"author":1,"featured_media":0,"parent":0,"menu_order":0,"comment_status":"closed","ping_status":"closed","template":"","meta":{"_et_pb_use_builder":"on","_et_pb_old_content":"","_et_gb_content_width":""},"_links":{"self":[{"href":"http:\/\/champini.eu\/de\/wp-json\/wp\/v2\/pages\/386"}],"collection":[{"href":"http:\/\/champini.eu\/de\/wp-json\/wp\/v2\/pages"}],"about":[{"href":"http:\/\/champini.eu\/de\/wp-json\/wp\/v2\/types\/page"}],"author":[{"embeddable":true,"href":"http:\/\/champini.eu\/de\/wp-json\/wp\/v2\/users\/1"}],"replies":[{"embeddable":true,"href":"http:\/\/champini.eu\/de\/wp-json\/wp\/v2\/comments?post=386"}],"version-history":[{"count":5,"href":"http:\/\/champini.eu\/de\/wp-json\/wp\/v2\/pages\/386\/revisions"}],"predecessor-version":[{"id":391,"href":"http:\/\/champini.eu\/de\/wp-json\/wp\/v2\/pages\/386\/revisions\/391"}],"wp:attachment":[{"href":"http:\/\/champini.eu\/de\/wp-json\/wp\/v2\/media?parent=386"}],"curies":[{"name":"wp","href":"https:\/\/api.w.org\/{rel}","templated":true}]}}