{"id":363,"date":"2021-04-12T10:52:16","date_gmt":"2021-04-12T10:52:16","guid":{"rendered":"https:\/\/champini.eu\/champini\/"},"modified":"2022-03-03T13:01:54","modified_gmt":"2022-03-03T13:01:54","slug":"champini","status":"publish","type":"page","link":"http:\/\/champini.eu\/en\/","title":{"rendered":"CHAMPINI"},"content":{"rendered":"<p>[et_pb_section fb_built=&#8221;1&#8243; fullwidth=&#8221;on&#8221; _builder_version=&#8221;4.9.3&#8243; _module_preset=&#8221;default&#8221; background_image=&#8221;http:\/\/champini.eu\/wp-content\/uploads\/2021\/04\/AdobeStock_343977489-scaled.jpeg&#8221;][et_pb_fullwidth_header title=&#8221;Wholesale of fruits, vegetables and mushrooms&#8221; text_orientation=&#8221;center&#8221; header_fullscreen=&#8221;on&#8221; button_one_text=&#8221;WE OFFER&#8221; button_one_url=&#8221;@ET-DC@eyJkeW5hbWljIjp0cnVlLCJjb250ZW50IjoicG9zdF9saW5rX3VybF9wYWdlIiwic2V0dGluZ3MiOnsicG9zdF9pZCI6IjEyNSJ9fQ==@&#8221; button_two_text=&#8221;CONTACT&#8221; button_two_url=&#8221;@ET-DC@eyJkeW5hbWljIjp0cnVlLCJjb250ZW50IjoicG9zdF9saW5rX3VybF9wYWdlIiwic2V0dGluZ3MiOnsicG9zdF9pZCI6IjEyOSJ9fQ==@&#8221; logo_image_url=&#8221;http:\/\/champini.eu\/wp-content\/uploads\/2021\/04\/logo-jasne.png&#8221; _builder_version=&#8221;4.9.4&#8243; _dynamic_attributes=&#8221;button_one_url,button_two_url&#8221; _module_preset=&#8221;default&#8221; title_font=&#8221;|700|||||||&#8221; title_font_size=&#8221;50px&#8221; title_line_height=&#8221;2.2em&#8221; content_font_size=&#8221;18px&#8221; content_line_height=&#8221;1.8em&#8221; background_color=&#8221;rgba(0,0,0,0.65)&#8221; custom_button_one=&#8221;on&#8221; button_one_border_width=&#8221;3px&#8221; button_one_border_radius=&#8221;100px&#8221; button_one_font=&#8221;|700||on|||||&#8221; button_one_icon=&#8221;%%36%%&#8221; custom_button_two=&#8221;on&#8221; button_two_border_width=&#8221;3px&#8221; button_two_border_radius=&#8221;100px&#8221; button_two_font=&#8221;|700||on|||||&#8221; button_two_icon=&#8221;%%36%%&#8221; animation_style=&#8221;fade&#8221;]<\/p>\n<p>Fruits, vegetables and mushrooms<br \/>for almost 20 years<\/p>\n<p>[\/et_pb_fullwidth_header][\/et_pb_section][et_pb_section fb_built=&#8221;1&#8243; admin_label=&#8221;Hero&#8221; module_id=&#8221;about-us&#8221; _builder_version=&#8221;4.9.3&#8243; custom_padding=&#8221;0px|0px|0px|0px&#8221; animation_style=&#8221;zoom&#8221; animation_intensity_zoom=&#8221;4%&#8221;][et_pb_row column_structure=&#8221;1_2,1_2&#8243; use_custom_gutter=&#8221;on&#8221; gutter_width=&#8221;1&#8243; make_equal=&#8221;on&#8221; module_class=&#8221; et_pb_row_fullwidth&#8221; _builder_version=&#8221;4.9.6&#8243; background_color=&#8221;#FFFFFF&#8221; background_image=&#8221;http:\/\/champini.eu\/wp-content\/uploads\/2021\/04\/circle-background-pattern.png&#8221; width=&#8221;100%&#8221; width_tablet=&#8221;100%&#8221; width_phone=&#8221;&#8221; width_last_edited=&#8221;on|desktop&#8221; max_width=&#8221;100%&#8221; max_width_tablet=&#8221;100%&#8221; max_width_phone=&#8221;&#8221; max_width_last_edited=&#8221;on|desktop&#8221; custom_padding=&#8221;0px||0px|&#8221; animation_style=&#8221;slide&#8221; animation_direction=&#8221;top&#8221; animation_intensity_slide=&#8221;3%&#8221; make_fullwidth=&#8221;on&#8221;][et_pb_column type=&#8221;1_2&#8243; _builder_version=&#8221;3.25&#8243; custom_padding=&#8221;10%|8%|10%|8%&#8221; custom_padding__hover=&#8221;|||&#8221;][et_pb_text _builder_version=&#8221;4.9.3&#8243; text_font=&#8221;Montserrat|500||on|||||&#8221; text_text_color=&#8221;#353740&#8243; text_font_size=&#8221;16px&#8221; text_letter_spacing=&#8221;3px&#8221; custom_margin=&#8221;||45px|&#8221; animation_style=&#8221;slide&#8221; animation_direction=&#8221;bottom&#8221; locked=&#8221;off&#8221;]<\/p>\n<p>WHO ARE WE?<\/p>\n<p>[\/et_pb_text][et_pb_text _builder_version=&#8221;4.9.3&#8243; text_font=&#8221;||||||||&#8221; header_font=&#8221;|700||on|||||&#8221; header_text_color=&#8221;#f7f7f7&#8243; header_font_size=&#8221;60px&#8221; header_line_height=&#8221;1.3em&#8221; custom_margin=&#8221;||40px|&#8221; animation_style=&#8221;fade&#8221; header_font_size_last_edited=&#8221;off|desktop&#8221; locked=&#8221;off&#8221;]<\/p>\n<h1><span style=\"color: #353740;\">GET TO KNOW US<\/span><\/h1>\n<p>[\/et_pb_text][et_pb_text _builder_version=&#8221;3.27.4&#8243; text_font=&#8221;Montserrat||||&#8221; text_text_color=&#8221;#353740&#8243; text_font_size=&#8221;20px&#8221; text_line_height=&#8221;1.8em&#8221; header_font=&#8221;||||||||&#8221; custom_margin=&#8221;||50px|&#8221; animation_style=&#8221;slide&#8221; animation_direction=&#8221;top&#8221; animation_intensity_slide=&#8221;17%&#8221; locked=&#8221;off&#8221;]<\/p>\n<p>&#8220;Champini so. z.o.o.&#8221;, earlier &#8220;FHU Champini s.c.&#8221; was founded in 2004 by Wieslaw Pieniek and Pawel Dobrzanski who both run the company until this day. Our main business fields are the import, export and sales of fresh fruits, vegetables and mushrooms.<\/p>\n<p>[\/et_pb_text][\/et_pb_column][et_pb_column type=&#8221;1_2&#8243; _builder_version=&#8221;4.9.3&#8243; background_image=&#8221;http:\/\/champini.eu\/wp-content\/uploads\/2021\/04\/warzywa-hurtownia.jpg&#8221; parallax=&#8221;on&#8221; custom_padding=&#8221;|||&#8221; custom_padding__hover=&#8221;|||&#8221;][\/et_pb_column][\/et_pb_row][\/et_pb_section][et_pb_section fb_built=&#8221;1&#8243; admin_label=&#8221;Hero&#8221; module_id=&#8221;about-us&#8221; _builder_version=&#8221;4.9.6&#8243; custom_padding=&#8221;0px|0px|0px|0px&#8221; animation_style=&#8221;zoom&#8221; animation_intensity_zoom=&#8221;4%&#8221;][et_pb_row column_structure=&#8221;1_2,1_2&#8243; use_custom_gutter=&#8221;on&#8221; gutter_width=&#8221;1&#8243; make_equal=&#8221;on&#8221; module_class=&#8221; et_pb_row_fullwidth&#8221; _builder_version=&#8221;4.9.6&#8243; background_color=&#8221;#FFFFFF&#8221; background_image=&#8221;http:\/\/champini.eu\/wp-content\/uploads\/2021\/04\/circle-background-pattern.png&#8221; width=&#8221;100%&#8221; width_tablet=&#8221;100%&#8221; width_phone=&#8221;&#8221; width_last_edited=&#8221;on|desktop&#8221; max_width=&#8221;100%&#8221; max_width_tablet=&#8221;100%&#8221; max_width_phone=&#8221;&#8221; max_width_last_edited=&#8221;on|desktop&#8221; custom_padding=&#8221;0px||0px|&#8221; animation_style=&#8221;slide&#8221; animation_direction=&#8221;top&#8221; animation_intensity_slide=&#8221;3%&#8221; make_fullwidth=&#8221;on&#8221;][et_pb_column type=&#8221;1_2&#8243; _builder_version=&#8221;4.9.6&#8243; background_image=&#8221;http:\/\/champini.eu\/wp-content\/uploads\/2021\/06\/Fotolia_49377374_L-kopia.jpg&#8221; parallax=&#8221;on&#8221; custom_padding=&#8221;|||&#8221; custom_padding__hover=&#8221;|||&#8221;][\/et_pb_column][et_pb_column type=&#8221;1_2&#8243; _builder_version=&#8221;3.25&#8243; custom_padding=&#8221;10%|8%|10%|8%&#8221; custom_padding__hover=&#8221;|||&#8221;][et_pb_text _builder_version=&#8221;4.9.3&#8243; text_font=&#8221;||||||||&#8221; header_font=&#8221;|700||on|||||&#8221; header_text_color=&#8221;#f7f7f7&#8243; header_font_size=&#8221;60px&#8221; header_line_height=&#8221;1.3em&#8221; custom_margin=&#8221;||40px|&#8221; animation_style=&#8221;fade&#8221; header_font_size_last_edited=&#8221;off|desktop&#8221; locked=&#8221;off&#8221;]<\/p>\n<h1><span style=\"color: #353740;\">THE BEGINNINGS<\/span><\/h1>\n<p>[\/et_pb_text][et_pb_text _builder_version=&#8221;4.9.3&#8243; text_font=&#8221;Montserrat||||&#8221; text_text_color=&#8221;#353740&#8243; text_font_size=&#8221;20px&#8221; text_line_height=&#8221;1.8em&#8221; header_font=&#8221;||||||||&#8221; custom_margin=&#8221;||50px|&#8221; animation_style=&#8221;slide&#8221; animation_direction=&#8221;top&#8221; animation_intensity_slide=&#8221;17%&#8221; locked=&#8221;off&#8221;]<\/p>\n<p>What started as a small company exporting white mushrooms to Germany, soon became a household name within the industry with a broad product portfolio unrivalled in this field. We are glad that the number of clients is constantly growing and we thank each of them for the trust they place in us.<\/p>\n<p>[\/et_pb_text][\/et_pb_column][\/et_pb_row][\/et_pb_section][et_pb_section fb_built=&#8221;1&#8243; admin_label=&#8221;Hero&#8221; module_id=&#8221;about-us&#8221; _builder_version=&#8221;4.9.3&#8243; custom_padding=&#8221;0px|0px|0px|0px&#8221; animation_style=&#8221;zoom&#8221; animation_intensity_zoom=&#8221;4%&#8221;][et_pb_row column_structure=&#8221;1_2,1_2&#8243; use_custom_gutter=&#8221;on&#8221; gutter_width=&#8221;1&#8243; make_equal=&#8221;on&#8221; module_class=&#8221; et_pb_row_fullwidth&#8221; _builder_version=&#8221;4.9.6&#8243; background_color=&#8221;#FFFFFF&#8221; background_image=&#8221;http:\/\/champini.eu\/wp-content\/uploads\/2021\/04\/circle-background-pattern.png&#8221; width=&#8221;100%&#8221; width_tablet=&#8221;100%&#8221; width_phone=&#8221;&#8221; width_last_edited=&#8221;on|desktop&#8221; max_width=&#8221;100%&#8221; max_width_tablet=&#8221;100%&#8221; max_width_phone=&#8221;&#8221; max_width_last_edited=&#8221;on|desktop&#8221; custom_padding=&#8221;0px||0px|&#8221; animation_style=&#8221;slide&#8221; animation_direction=&#8221;top&#8221; animation_intensity_slide=&#8221;3%&#8221; make_fullwidth=&#8221;on&#8221;][et_pb_column type=&#8221;1_2&#8243; _builder_version=&#8221;3.25&#8243; custom_padding=&#8221;10%|8%|10%|8%&#8221; custom_padding__hover=&#8221;|||&#8221;][et_pb_text _builder_version=&#8221;4.9.3&#8243; text_font=&#8221;||||||||&#8221; header_font=&#8221;|700||on|||||&#8221; header_text_color=&#8221;#f7f7f7&#8243; header_font_size=&#8221;60px&#8221; header_line_height=&#8221;1.3em&#8221; custom_margin=&#8221;||40px|&#8221; animation_style=&#8221;fade&#8221; header_font_size_last_edited=&#8221;off|desktop&#8221; locked=&#8221;off&#8221;]<\/p>\n<h1><span style=\"color: #353740;\">ORIGIN<\/span><\/h1>\n<p>[\/et_pb_text][et_pb_text _builder_version=&#8221;4.9.6&#8243; text_font=&#8221;Montserrat||||&#8221; text_text_color=&#8221;#353740&#8243; text_font_size=&#8221;20px&#8221; text_line_height=&#8221;1.8em&#8221; header_font=&#8221;||||||||&#8221; custom_margin=&#8221;||50px|&#8221; animation_style=&#8221;slide&#8221; animation_direction=&#8221;top&#8221; animation_intensity_slide=&#8221;17%&#8221; hover_enabled=&#8221;0&#8243; locked=&#8221;off&#8221; sticky_enabled=&#8221;0&#8243;]<\/p>\n<p>Since freshness and quality are our top priority, we prefer short transport distances. Therefore most of our suppliers are local, certified farmers, producers or producing groups who work with us fruitfully for many years already. Best climate and soil conditions in the voivodeship Wielkopolska and \u0141\u00f3d\u017a make it possible for us to provide you with first class products. Moreover we import fresh produce from east- and south-east-europe to provide even a bigger product portfolio in certain times.<\/p>\n<p>[\/et_pb_text][\/et_pb_column][et_pb_column type=&#8221;1_2&#8243; _builder_version=&#8221;4.9.6&#8243; background_image=&#8221;http:\/\/champini.eu\/wp-content\/uploads\/2021\/06\/AdobeStock_183391842-kopia.jpg&#8221; parallax=&#8221;on&#8221; custom_padding=&#8221;|||&#8221; custom_padding__hover=&#8221;|||&#8221;][\/et_pb_column][\/et_pb_row][\/et_pb_section][et_pb_section fb_built=&#8221;1&#8243; admin_label=&#8221;Hero&#8221; module_id=&#8221;about-us&#8221; _builder_version=&#8221;4.9.3&#8243; custom_padding=&#8221;0px|0px|0px|0px&#8221; animation_style=&#8221;zoom&#8221; animation_intensity_zoom=&#8221;4%&#8221;][et_pb_row column_structure=&#8221;1_2,1_2&#8243; use_custom_gutter=&#8221;on&#8221; gutter_width=&#8221;1&#8243; make_equal=&#8221;on&#8221; module_class=&#8221; et_pb_row_fullwidth&#8221; _builder_version=&#8221;4.9.6&#8243; background_color=&#8221;#FFFFFF&#8221; background_image=&#8221;http:\/\/champini.eu\/wp-content\/uploads\/2021\/04\/circle-background-pattern.png&#8221; width=&#8221;100%&#8221; width_tablet=&#8221;100%&#8221; width_phone=&#8221;&#8221; width_last_edited=&#8221;on|desktop&#8221; max_width=&#8221;100%&#8221; max_width_tablet=&#8221;100%&#8221; max_width_phone=&#8221;&#8221; max_width_last_edited=&#8221;on|desktop&#8221; custom_padding=&#8221;0px||0px|&#8221; animation_style=&#8221;slide&#8221; animation_direction=&#8221;top&#8221; animation_intensity_slide=&#8221;3%&#8221; make_fullwidth=&#8221;on&#8221;][et_pb_column type=&#8221;1_2&#8243; _builder_version=&#8221;4.9.6&#8243; background_image=&#8221;http:\/\/champini.eu\/wp-content\/uploads\/2021\/06\/AdobeStock_120890045-kopia.jpg&#8221; parallax=&#8221;on&#8221; custom_padding=&#8221;|||&#8221; custom_padding__hover=&#8221;|||&#8221;][\/et_pb_column][et_pb_column type=&#8221;1_2&#8243; _builder_version=&#8221;3.25&#8243; custom_padding=&#8221;10%|8%|10%|8%&#8221; custom_padding__hover=&#8221;|||&#8221;][et_pb_text _builder_version=&#8221;4.9.3&#8243; text_font=&#8221;Montserrat|500||on|||||&#8221; text_text_color=&#8221;#353740&#8243; text_font_size=&#8221;16px&#8221; text_letter_spacing=&#8221;3px&#8221; custom_margin=&#8221;||45px|&#8221; animation_style=&#8221;slide&#8221; animation_direction=&#8221;bottom&#8221; locked=&#8221;off&#8221;]<\/p>\n<p>WHO ARE WE?<\/p>\n<p>[\/et_pb_text][et_pb_text _builder_version=&#8221;4.9.3&#8243; text_font=&#8221;||||||||&#8221; header_font=&#8221;|700||on|||||&#8221; header_text_color=&#8221;#f7f7f7&#8243; header_font_size=&#8221;60px&#8221; header_line_height=&#8221;1.3em&#8221; custom_margin=&#8221;||40px|&#8221; animation_style=&#8221;fade&#8221; header_font_size_last_edited=&#8221;off|desktop&#8221; locked=&#8221;off&#8221;]<\/p>\n<h1><span style=\"color: #353740;\">PROMISING FRESHNESS<\/span><\/h1>\n<p>[\/et_pb_text][et_pb_text _builder_version=&#8221;4.9.3&#8243; text_font=&#8221;Montserrat||||&#8221; text_text_color=&#8221;#353740&#8243; text_font_size=&#8221;20px&#8221; text_line_height=&#8221;1.8em&#8221; header_font=&#8221;||||||||&#8221; custom_margin=&#8221;||50px|&#8221; animation_style=&#8221;slide&#8221; animation_direction=&#8221;top&#8221; animation_intensity_slide=&#8221;17%&#8221; locked=&#8221;off&#8221;]<\/p>\n<p>Freshness is the most important thing our business field. Therefore we work under the &#8220;&#8221;Just-In-Time&#8221;&#8221; principle. We usually don&#8217;t keep any products in our stock. <span>Everything is bought fresh from the producer to assure fresh products. For this very reason it is possible for us to get your order, buy, compile, load and transport our goods to you within less than 48 hours. Service is our second very big priority hence we take good care of being professional at what we do. That&#8217;s why we own our own fleet of cooler trucks and trailers which guarantees a not interupted cooling chain. . Should your orders be too big in capacity for our own fleet to handle, we are working with prestigues carriers who transported our products for many years&#8221;<\/span><\/p>\n<p>[\/et_pb_text][\/et_pb_column][\/et_pb_row][\/et_pb_section][et_pb_section fb_built=&#8221;1&#8243; _builder_version=&#8221;4.9.3&#8243; _module_preset=&#8221;default&#8221; background_color=&#8221;#f8f8f8&#8243;][et_pb_row column_structure=&#8221;1_4,1_4,1_4,1_4&#8243; admin_label=&#8221;Fun Fact&#8221; _builder_version=&#8221;3.25&#8243; custom_margin=&#8221;|||&#8221; custom_padding=&#8221;67px||40px|||&#8221; animation_style=&#8221;zoom&#8221; animation_direction=&#8221;top&#8221; animation_intensity_zoom=&#8221;10%&#8221;][et_pb_column type=&#8221;1_4&#8243; _builder_version=&#8221;3.25&#8243; custom_padding=&#8221;|||&#8221; custom_padding__hover=&#8221;|||&#8221;][et_pb_number_counter title=&#8221;TONS OF FRESH PRODUCE&#8221; number=&#8221;500&#8243; percent_sign=&#8221;off&#8221; _builder_version=&#8221;4.9.3&#8243; title_font=&#8221;|||on|||||&#8221; title_text_color=&#8221;#353740&#8243; number_font=&#8221;|700|||||||&#8221; number_text_color=&#8221;#353740&#8243; number_font_size=&#8221;60px&#8221; number_line_height=&#8221;90px&#8221; animation_style=&#8221;zoom&#8221;][\/et_pb_number_counter][\/et_pb_column][et_pb_column type=&#8221;1_4&#8243; _builder_version=&#8221;3.25&#8243; custom_padding=&#8221;|||&#8221; custom_padding__hover=&#8221;|||&#8221;][et_pb_number_counter title=&#8221;WAREHOUSES&#8221; number=&#8221;2&#8243; percent_sign=&#8221;off&#8221; _builder_version=&#8221;4.9.3&#8243; title_font=&#8221;|||on|||||&#8221; title_text_color=&#8221;#353740&#8243; number_font=&#8221;|700|||||||&#8221; number_text_color=&#8221;#353740&#8243; number_font_size=&#8221;60px&#8221; number_line_height=&#8221;90px&#8221; animation_style=&#8221;zoom&#8221;][\/et_pb_number_counter][\/et_pb_column][et_pb_column type=&#8221;1_4&#8243; _builder_version=&#8221;3.25&#8243; custom_padding=&#8221;|||&#8221; custom_padding__hover=&#8221;|||&#8221;][et_pb_number_counter title=&#8221;SUPPLIERS&#8221; number=&#8221;100+&#8221; percent_sign=&#8221;off&#8221; _builder_version=&#8221;4.9.3&#8243; title_font=&#8221;|||on|||||&#8221; title_text_color=&#8221;#353740&#8243; number_font=&#8221;|700|||||||&#8221; number_text_color=&#8221;#353740&#8243; number_font_size=&#8221;60px&#8221; number_line_height=&#8221;90px&#8221; animation_style=&#8221;zoom&#8221;][\/et_pb_number_counter][\/et_pb_column][et_pb_column type=&#8221;1_4&#8243; _builder_version=&#8221;3.25&#8243; custom_padding=&#8221;|||&#8221; custom_padding__hover=&#8221;|||&#8221;][et_pb_number_counter title=&#8221;PRODUCTS&#8221; number=&#8221;50+&#8221; percent_sign=&#8221;off&#8221; _builder_version=&#8221;4.9.3&#8243; title_font=&#8221;|||on|||||&#8221; title_text_color=&#8221;#353740&#8243; number_font=&#8221;|700|||||||&#8221; number_text_color=&#8221;#353740&#8243; number_font_size=&#8221;60px&#8221; number_line_height=&#8221;90px&#8221; animation_style=&#8221;zoom&#8221;][\/et_pb_number_counter][\/et_pb_column][\/et_pb_row][\/et_pb_section][et_pb_section fb_built=&#8221;1&#8243; fullwidth=&#8221;on&#8221; _builder_version=&#8221;4.9.3&#8243; _module_preset=&#8221;default&#8221; background_image=&#8221;http:\/\/champini.eu\/wp-content\/uploads\/2021\/04\/oferta-hurtowni-warzyw-owocow.jpg&#8221; parallax=&#8221;on&#8221;][et_pb_fullwidth_header title=&#8221;Contact Us &#8221; text_orientation=&#8221;center&#8221; button_one_text=&#8221;CONTACT&#8221; button_one_url=&#8221;@ET-DC@eyJkeW5hbWljIjp0cnVlLCJjb250ZW50IjoicG9zdF9saW5rX3VybF9wYWdlIiwic2V0dGluZ3MiOnsicG9zdF9pZCI6IjEyOSJ9fQ==@&#8221; _builder_version=&#8221;4.9.4&#8243; _dynamic_attributes=&#8221;button_one_url&#8221; _module_preset=&#8221;default&#8221; title_font=&#8221;|700|||||||&#8221; title_font_size=&#8221;50px&#8221; title_line_height=&#8221;2.2em&#8221; content_font_size=&#8221;18px&#8221; content_line_height=&#8221;1.8em&#8221; subhead_font=&#8221;|700|||||||&#8221; subhead_font_size=&#8221;30px&#8221; background_color=&#8221;rgba(0,0,0,0.65)&#8221; custom_button_one=&#8221;on&#8221; button_one_border_width=&#8221;3px&#8221; button_one_border_radius=&#8221;100px&#8221; button_one_font=&#8221;|700||on|||||&#8221; button_one_icon=&#8221;%%36%%&#8221; custom_button_two=&#8221;on&#8221; button_two_border_width=&#8221;3px&#8221; button_two_border_radius=&#8221;100px&#8221; button_two_font=&#8221;|700||on|||||&#8221; button_two_icon=&#8221;%%36%%&#8221; custom_padding=&#8221;127px||106px|||&#8221; animation_style=&#8221;fade&#8221;][\/et_pb_fullwidth_header][\/et_pb_section][et_pb_section fb_built=&#8221;1&#8243; _builder_version=&#8221;4.9.3&#8243; _module_preset=&#8221;default&#8221;][et_pb_row column_structure=&#8221;1_4,1_4,1_4,1_4&#8243; _builder_version=&#8221;4.9.3&#8243; _module_preset=&#8221;default&#8221;][et_pb_column type=&#8221;1_4&#8243; _builder_version=&#8221;4.9.3&#8243; _module_preset=&#8221;default&#8221;][et_pb_image src=&#8221;http:\/\/champini.eu\/wp-content\/uploads\/2021\/04\/tuv.png&#8221; title_text=&#8221;tuv&#8221; _builder_version=&#8221;4.9.3&#8243; _module_preset=&#8221;default&#8221; animation_style=&#8221;slide&#8221; animation_direction=&#8221;top&#8221;][\/et_pb_image][\/et_pb_column][et_pb_column type=&#8221;1_4&#8243; _builder_version=&#8221;4.9.3&#8243; _module_preset=&#8221;default&#8221;][et_pb_image src=&#8221;http:\/\/champini.eu\/wp-content\/uploads\/2021\/04\/ifs.png&#8221; title_text=&#8221;ifs&#8221; _builder_version=&#8221;4.9.3&#8243; _module_preset=&#8221;default&#8221; animation_style=&#8221;slide&#8221; animation_direction=&#8221;top&#8221;][\/et_pb_image][\/et_pb_column][et_pb_column type=&#8221;1_4&#8243; _builder_version=&#8221;4.9.3&#8243; _module_preset=&#8221;default&#8221;][et_pb_image src=&#8221;http:\/\/champini.eu\/wp-content\/uploads\/2021\/04\/GlobalGAP-30b56e12.png&#8221; title_text=&#8221;GlobalGAP-30b56e12&#8243; _builder_version=&#8221;4.9.3&#8243; _module_preset=&#8221;default&#8221; animation_style=&#8221;slide&#8221; animation_direction=&#8221;top&#8221;][\/et_pb_image][\/et_pb_column][et_pb_column type=&#8221;1_4&#8243; _builder_version=&#8221;4.9.3&#8243; _module_preset=&#8221;default&#8221;][et_pb_text _builder_version=&#8221;4.9.3&#8243; text_font=&#8221;Montserrat||||&#8221; text_text_color=&#8221;#353740&#8243; text_font_size=&#8221;20px&#8221; text_line_height=&#8221;1.8em&#8221; header_font=&#8221;||||||||&#8221; custom_margin=&#8221;||50px|&#8221; animation_style=&#8221;slide&#8221; animation_direction=&#8221;top&#8221; animation_intensity_slide=&#8221;17%&#8221; locked=&#8221;off&#8221;]<\/p>\n<p>Our suppliers are all certified by GLOBAL G.A.P.<\/p>\n<p>[\/et_pb_text][\/et_pb_column][\/et_pb_row][\/et_pb_section]<\/p>\n","protected":false},"excerpt":{"rendered":"<p>Fruits, vegetables and mushroomsfor almost 20 yearsWHO ARE WE?GET TO KNOW US&#8221;Champini so. z.o.o.&#8221;, earlier &#8220;FHU Champini s.c.&#8221; was founded in 2004 by Wieslaw Pieniek and Pawel Dobrzanski who both run the company until this day. Our main business fields are the import, export and sales of fresh fruits, vegetables and mushrooms.THE BEGINNINGSWhat started as [&hellip;]<\/p>\n","protected":false},"author":1,"featured_media":0,"parent":0,"menu_order":0,"comment_status":"closed","ping_status":"closed","template":"","meta":{"_et_pb_use_builder":"on","_et_pb_old_content":"","_et_gb_content_width":""},"_links":{"self":[{"href":"http:\/\/champini.eu\/en\/wp-json\/wp\/v2\/pages\/363"}],"collection":[{"href":"http:\/\/champini.eu\/en\/wp-json\/wp\/v2\/pages"}],"about":[{"href":"http:\/\/champini.eu\/en\/wp-json\/wp\/v2\/types\/page"}],"author":[{"embeddable":true,"href":"http:\/\/champini.eu\/en\/wp-json\/wp\/v2\/users\/1"}],"replies":[{"embeddable":true,"href":"http:\/\/champini.eu\/en\/wp-json\/wp\/v2\/comments?post=363"}],"version-history":[{"count":11,"href":"http:\/\/champini.eu\/en\/wp-json\/wp\/v2\/pages\/363\/revisions"}],"predecessor-version":[{"id":385,"href":"http:\/\/champini.eu\/en\/wp-json\/wp\/v2\/pages\/363\/revisions\/385"}],"wp:attachment":[{"href":"http:\/\/champini.eu\/en\/wp-json\/wp\/v2\/media?parent=363"}],"curies":[{"name":"wp","href":"https:\/\/api.w.org\/{rel}","templated":true}]}}